{"id":1803,"date":"2020-11-19T12:14:57","date_gmt":"2020-11-19T15:14:57","guid":{"rendered":"http:\/\/i9md.com.br\/pet\/?post_type=product&#038;p=1803"},"modified":"2021-12-01T16:34:07","modified_gmt":"2021-12-01T19:34:07","slug":"deo-colonia-para-caes-e-gatos","status":"publish","type":"product","link":"https:\/\/latidosemiadosvet.com.br\/loja\/produto\/deo-colonia-para-caes-e-gatos\/","title":{"rendered":"Deo Colonia para C\u00e3es e Gatos"},"content":{"rendered":"<p>O Perfume foi desenvolvido para deixar seu pet com um agrad\u00e1vel perfume, sem agredir a sa\u00fade. Sua f\u00f3rmula inovadora n\u00e3o afeta o olfato do querido amig\u00e3o.<\/p>\n","protected":false},"excerpt":{"rendered":"<p>&#8211; Ideal para utilizar ap\u00f3s o banho;<br \/>\n&#8211; Deixa uma sensa\u00e7\u00e3o de frescor.<\/p>\n","protected":false},"featured_media":1804,"template":"","meta":[],"_links":{"self":[{"href":"https:\/\/latidosemiadosvet.com.br\/loja\/wp-json\/wp\/v2\/product\/1803"}],"collection":[{"href":"https:\/\/latidosemiadosvet.com.br\/loja\/wp-json\/wp\/v2\/product"}],"about":[{"href":"https:\/\/latidosemiadosvet.com.br\/loja\/wp-json\/wp\/v2\/types\/product"}],"version-history":[{"count":1,"href":"https:\/\/latidosemiadosvet.com.br\/loja\/wp-json\/wp\/v2\/product\/1803\/revisions"}],"predecessor-version":[{"id":1805,"href":"https:\/\/latidosemiadosvet.com.br\/loja\/wp-json\/wp\/v2\/product\/1803\/revisions\/1805"}],"wp:featuredmedia":[{"embeddable":true,"href":"https:\/\/latidosemiadosvet.com.br\/loja\/wp-json\/wp\/v2\/media\/1804"}],"wp:attachment":[{"href":"https:\/\/latidosemiadosvet.com.br\/loja\/wp-json\/wp\/v2\/media?parent=1803"}],"curies":[{"name":"wp","href":"https:\/\/api.w.org\/{rel}","templated":true}]}}