{"id":1797,"date":"2020-11-19T11:55:45","date_gmt":"2020-11-19T14:55:45","guid":{"rendered":"http:\/\/i9md.com.br\/pet\/?post_type=product&#038;p=1797"},"modified":"2021-12-01T16:34:09","modified_gmt":"2021-12-01T19:34:09","slug":"shampoo-e-condicionador-pet-clean-para-gatos","status":"publish","type":"product","link":"https:\/\/latidosemiadosvet.com.br\/loja\/produto\/shampoo-e-condicionador-pet-clean-para-gatos\/","title":{"rendered":"Shampoo e Condicionador Pet Clean para Gatos"},"content":{"rendered":"<p>Elaborado para deixar seu gatinho bem limpinho, preservando as caracter\u00edsticas naturais dos pelos, o\u00a0<strong>Shampoo e Condicionador Pet Clean para Gatos<\/strong> possui \u00f3leo de am\u00eandoas que facilita na hora de pentear, al\u00e9m de deixar os pelos bem macios.<\/p>\n<p>Com uma f\u00f3rmula neutra e balanceada, que une shampoo e condicionador em um s\u00f3 produto, promovendo um banho eficiente e seguro.<\/p>\n<p>&nbsp;<\/p>\n<p>&nbsp;<\/p>\n","protected":false},"excerpt":{"rendered":"<p>&#8211; 2 em 1;<br \/>\n&#8211; pH Neutro;<br \/>\n&#8211; Com \u00f3leo de am\u00eandoas;<br \/>\n&#8211; Pelos macios e hidratados.<\/p>\n","protected":false},"featured_media":1798,"template":"","meta":[],"_links":{"self":[{"href":"https:\/\/latidosemiadosvet.com.br\/loja\/wp-json\/wp\/v2\/product\/1797"}],"collection":[{"href":"https:\/\/latidosemiadosvet.com.br\/loja\/wp-json\/wp\/v2\/product"}],"about":[{"href":"https:\/\/latidosemiadosvet.com.br\/loja\/wp-json\/wp\/v2\/types\/product"}],"version-history":[{"count":1,"href":"https:\/\/latidosemiadosvet.com.br\/loja\/wp-json\/wp\/v2\/product\/1797\/revisions"}],"predecessor-version":[{"id":1799,"href":"https:\/\/latidosemiadosvet.com.br\/loja\/wp-json\/wp\/v2\/product\/1797\/revisions\/1799"}],"wp:featuredmedia":[{"embeddable":true,"href":"https:\/\/latidosemiadosvet.com.br\/loja\/wp-json\/wp\/v2\/media\/1798"}],"wp:attachment":[{"href":"https:\/\/latidosemiadosvet.com.br\/loja\/wp-json\/wp\/v2\/media?parent=1797"}],"curies":[{"name":"wp","href":"https:\/\/api.w.org\/{rel}","templated":true}]}}