{"id":1794,"date":"2020-11-19T11:46:46","date_gmt":"2020-11-19T14:46:46","guid":{"rendered":"http:\/\/i9md.com.br\/pet\/?post_type=product&#038;p=1794"},"modified":"2021-12-01T16:34:09","modified_gmt":"2021-12-01T19:34:09","slug":"racao-tutano-gatos-castrados-salmao","status":"publish","type":"product","link":"https:\/\/latidosemiadosvet.com.br\/loja\/produto\/racao-tutano-gatos-castrados-salmao\/","title":{"rendered":"Ra\u00e7\u00e3o Tutano Gatos Castrados Salm\u00e3o"},"content":{"rendered":"<p>Ra\u00e7\u00e3o Tutano Gatos Castrados Salm\u00e3o \u00e9 um alimento completo e feito com prote\u00edna de salm\u00e3o e de alta qualidade, indicado para gatos adultos castrados, de todas as ra\u00e7as.<\/p>\n<p>Ra\u00e7\u00e3o Tutano Gatos Castrados Salm\u00e3o tem como vantagens:<\/p>\n<ul>\n<li>controle de pH urin\u00e1rio, auxiliando na preven\u00e7\u00e3o de problemas urin\u00e1rios;<\/li>\n<li>ingredientes selecionados como prote\u00edna de salm\u00e3o de alto valor biol\u00f3gico;<\/li>\n<li>diminui\u00e7\u00e3o de bola de pelos, pois cont\u00e9m fibras que ajudam na elimina\u00e7\u00e3o de bolas de pelos;<\/li>\n<li>fezes com menos volume e odores, e mais secas , pois possui ingredientes de alta digestibilidade, extrato de Yucca e ze\u00f3lita;<\/li>\n<li>Possui o Wheight Maintenance Complex um complexo exclusivo composto por L-carnitina, que estimula a queima de gordura, e controle energ\u00e9tico da ra\u00e7\u00e3o, proporcionando o aporte correto de energia para o animal e mantendo o gato no seu peso ideal.<\/li>\n<\/ul>\n<ul>\n<li><strong>Composi\u00e7\u00e3o: <\/strong>Farinha de salm\u00e3o (10,0%), quirera de arroz, farinha de v\u00edsceras de frango, farinha de carne, prote\u00edna isolada de su\u00edno, polpa de beterraba, levedura de cervejaria (ingrediente vegetal), milho integral mo\u00eddo*, cloreto de s\u00f3dio (sal comum), gordura animal estabilizada, farelo de gl\u00faten de milho*, farelo de trigo, cloreto de pot\u00e1ssio, sulfato de cobre, sulfato de ferro, iodato de c\u00e1lcio, mon\u00f3xido de mangan\u00eas, etoxiquim, propionato de c\u00e1lcio, selenito de s\u00f3dio, \u00e1cido pantot\u00eanico, sulfato de cobalto, vitamina A, vitamina A+D3, vitamina B1, vitamina B2, niacina, vitamina B6, vitamina B12, vitamina C, vitamina E, biotina, vitamina K3, \u00e1cido f\u00f3lico, \u00f3xido de zinco, hidrolisado de f\u00edgado de ave e su\u00edno, metionina, complexo zinco amino\u00e1cido, cromo org\u00e2nico, taurina, l-carnitina, extrato de yucca e Ze\u00f3lita.*Cont\u00e9m milho transg\u00eanico. Esp\u00e9cie doadora do gene: Bacillusthuringiensis, Zeamays, Agrobacteriumtumefaciens, Streptomycesviridochromogenes.<\/li>\n<\/ul>\n<p>&nbsp;<\/p>\n<p>&nbsp;<\/p>\n","protected":false},"excerpt":{"rendered":"<p>Ra\u00e7\u00e3o Tutano Gatos Castrados Salm\u00e3o \u00e9 um alimento completo e feito com prote\u00edna de salm\u00e3o e de alta qualidade, indicado para gatos adultos castrados, de todas as ra\u00e7as.<\/p>\n","protected":false},"featured_media":1795,"template":"","meta":[],"_links":{"self":[{"href":"https:\/\/latidosemiadosvet.com.br\/loja\/wp-json\/wp\/v2\/product\/1794"}],"collection":[{"href":"https:\/\/latidosemiadosvet.com.br\/loja\/wp-json\/wp\/v2\/product"}],"about":[{"href":"https:\/\/latidosemiadosvet.com.br\/loja\/wp-json\/wp\/v2\/types\/product"}],"version-history":[{"count":1,"href":"https:\/\/latidosemiadosvet.com.br\/loja\/wp-json\/wp\/v2\/product\/1794\/revisions"}],"predecessor-version":[{"id":1796,"href":"https:\/\/latidosemiadosvet.com.br\/loja\/wp-json\/wp\/v2\/product\/1794\/revisions\/1796"}],"wp:featuredmedia":[{"embeddable":true,"href":"https:\/\/latidosemiadosvet.com.br\/loja\/wp-json\/wp\/v2\/media\/1795"}],"wp:attachment":[{"href":"https:\/\/latidosemiadosvet.com.br\/loja\/wp-json\/wp\/v2\/media?parent=1794"}],"curies":[{"name":"wp","href":"https:\/\/api.w.org\/{rel}","templated":true}]}}