{"id":1789,"date":"2020-11-19T11:31:25","date_gmt":"2020-11-19T14:31:25","guid":{"rendered":"http:\/\/i9md.com.br\/pet\/?post_type=product&#038;p=1789"},"modified":"2021-12-01T16:34:10","modified_gmt":"2021-12-01T19:34:10","slug":"racao-tutano-filhote-racas-pequenas","status":"publish","type":"product","link":"https:\/\/latidosemiadosvet.com.br\/loja\/produto\/racao-tutano-filhote-racas-pequenas\/","title":{"rendered":"Ra\u00e7\u00e3o Tutano Filhote Ra\u00e7as Pequenas"},"content":{"rendered":"<ul>\n<li><strong>Composi\u00e7\u00e3o: <\/strong>Carne Fresca de Frango (1,8%) Carne Fresca Farinha de Carne de Frango Quirera de Arroz Farelo de Soja** G\u00e9rmen de Milho* Farinha de Carne Farelo de Trigo F\u00edgado de su\u00edno Gl\u00faten de Milho* Milho integral mo\u00eddo* Polpa de Beterraba Cloreto de s\u00f3dio (Sal Comum) Gordura Animal Estabilizada Cloreto de Pot\u00e1ssio A\u00e7\u00facar Sulfato de Cobre Selenito de S\u00f3dio Etoxiquim Sulfato de Ferro Iodato de C\u00e1lcio Benzoato de S\u00f3dio Mon\u00f3xido de Mangan\u00eas Propionato de C\u00e1lcio Pantotenato de C\u00e1lcio Sulfato de Cobalto Vitamina A+D3 Vitamina B1 Vitamina B12 Vitamina B2 Vitamina B3 Vitamina B6 Vitamina E Vitamina H Vitamina K3 Vitamina C Acido F\u00f3lico Oxido de Zinco Sorbato de Pot\u00e1ssio Hidrolisado de f\u00edgado de su\u00edno Metionina Lisina Cloreto de colina Raiz de Chic\u00f3ria Complexo cromo L-metionina Complexo zinco amino\u00e1cido L-Carnitina Extrato de Yucca<br \/>\n*Cont\u00e9m Milho Transg\u00eanico. Esp\u00e9cie doadora do gene: Bacillus thuringiensis e Streptomyces viridochromogenes<br \/>\n**Cont\u00e9m soja transg\u00eanico. Esp\u00e9cie doadora do gene: Agrobacterium tumefaciens<\/li>\n<\/ul>\n","protected":false},"excerpt":{"rendered":"<p>Ra\u00e7\u00e3o Tutano C\u00e3es Filhote Ra\u00e7as Pequenas apresenta ingredientes de boa qualidade para suprir as necessidades energ\u00e9ticas e proporcionar um crescimento saud\u00e1vel aos c\u00e3es filhotes de pequenas ra\u00e7as.<\/p>\n","protected":false},"featured_media":1790,"template":"","meta":[],"_links":{"self":[{"href":"https:\/\/latidosemiadosvet.com.br\/loja\/wp-json\/wp\/v2\/product\/1789"}],"collection":[{"href":"https:\/\/latidosemiadosvet.com.br\/loja\/wp-json\/wp\/v2\/product"}],"about":[{"href":"https:\/\/latidosemiadosvet.com.br\/loja\/wp-json\/wp\/v2\/types\/product"}],"version-history":[{"count":2,"href":"https:\/\/latidosemiadosvet.com.br\/loja\/wp-json\/wp\/v2\/product\/1789\/revisions"}],"predecessor-version":[{"id":1793,"href":"https:\/\/latidosemiadosvet.com.br\/loja\/wp-json\/wp\/v2\/product\/1789\/revisions\/1793"}],"wp:featuredmedia":[{"embeddable":true,"href":"https:\/\/latidosemiadosvet.com.br\/loja\/wp-json\/wp\/v2\/media\/1790"}],"wp:attachment":[{"href":"https:\/\/latidosemiadosvet.com.br\/loja\/wp-json\/wp\/v2\/media?parent=1789"}],"curies":[{"name":"wp","href":"https:\/\/api.w.org\/{rel}","templated":true}]}}