{"id":1786,"date":"2020-11-19T11:25:11","date_gmt":"2020-11-19T14:25:11","guid":{"rendered":"http:\/\/i9md.com.br\/pet\/?post_type=product&#038;p=1786"},"modified":"2021-12-01T16:34:11","modified_gmt":"2021-12-01T19:34:11","slug":"racao-tutano-caes-sensiveis","status":"publish","type":"product","link":"https:\/\/latidosemiadosvet.com.br\/loja\/produto\/racao-tutano-caes-sensiveis\/","title":{"rendered":"Ra\u00e7\u00e3o Tutano C\u00e3es Sens\u00edveis"},"content":{"rendered":"<ul>\n<li><b>Linha:<\/b>\u00a0Super Premium<\/li>\n<li>Ra\u00e7\u00e3o Tutano C\u00e3es Peles Sens\u00edveis \u00e9 um alimento formulado para proporcionar uma manuten\u00e7\u00e3o saud\u00e1vel para aqueles c\u00e3es com tend\u00eancias a ter problemas de alergia.<\/li>\n<li>Al\u00e9m disso, possui ingredientes de alta qualidade, entre eles o salm\u00e3o e o arroz, que fornecer\u00e3o ao seu pet uma melhor sa\u00fade intestinal, pele e pelos fortes e brilhantes, fezes menos volumosas e com menos odor. E \u00e9 indicado para c\u00e3es de qualquer porte.<\/li>\n<li><strong>Composi\u00e7\u00e3o:<\/strong> Farinha de Salm\u00e3o, Quirera de Arroz, Levedura de Cervejaria, Polpa de Beterraba, G\u00e9rmen de Milho*, Cloreto de s\u00f3dio (Sal Comum), Gordura animal estabilizada, Gl\u00faten de Milho*, Cloreto de Potassio, A\u00e7ucar, Cloreto de Colina, Monoxido de Manganes, Etoxiquim, Selenito de S\u00f3dio, Propionato de Calcio, Sulfato de Cobalto, Sulfato de Cobre, Iodato de Calcio, Sulfato de Ferro, Pantotenato de Calcio, Vitamina A+D3, Vitamina B1, Vitamina B12, Vitamina B2, Vitamina B3, Vitamina B6, Vitamina E, Vitamina H, Vitamina K3, Acido Folico, Oxido de Zinco, Sorbato de Pot\u00e1ssio, Hidrolisado de f\u00edgado de su\u00edno, Metionina, Lisina, Raiz de Chic\u00f3ria, Complexo cromo L-metionina, Complexo zinco amino\u00e1cido, Extrato de Yucca.*Cont\u00e9m Milho Transg\u00eanico. Esp\u00e9cie doadora do gene: Bacillus thuringiensis e Streptomyces viridochromogenes<\/li>\n<\/ul>\n","protected":false},"excerpt":{"rendered":"<p>&#8211; \u00c9 um alimento formulado para proporcionar uma manuten\u00e7\u00e3o saud\u00e1vel para aqueles c\u00e3es com tend\u00eancia a ter problemas de alergia.<\/p>\n","protected":false},"featured_media":1787,"template":"","meta":[],"_links":{"self":[{"href":"https:\/\/latidosemiadosvet.com.br\/loja\/wp-json\/wp\/v2\/product\/1786"}],"collection":[{"href":"https:\/\/latidosemiadosvet.com.br\/loja\/wp-json\/wp\/v2\/product"}],"about":[{"href":"https:\/\/latidosemiadosvet.com.br\/loja\/wp-json\/wp\/v2\/types\/product"}],"version-history":[{"count":1,"href":"https:\/\/latidosemiadosvet.com.br\/loja\/wp-json\/wp\/v2\/product\/1786\/revisions"}],"predecessor-version":[{"id":1788,"href":"https:\/\/latidosemiadosvet.com.br\/loja\/wp-json\/wp\/v2\/product\/1786\/revisions\/1788"}],"wp:featuredmedia":[{"embeddable":true,"href":"https:\/\/latidosemiadosvet.com.br\/loja\/wp-json\/wp\/v2\/media\/1787"}],"wp:attachment":[{"href":"https:\/\/latidosemiadosvet.com.br\/loja\/wp-json\/wp\/v2\/media?parent=1786"}],"curies":[{"name":"wp","href":"https:\/\/api.w.org\/{rel}","templated":true}]}}