{"id":1781,"date":"2020-11-19T11:13:39","date_gmt":"2020-11-19T14:13:39","guid":{"rendered":"http:\/\/i9md.com.br\/pet\/?post_type=product&#038;p=1781"},"modified":"2021-12-01T16:34:12","modified_gmt":"2021-12-01T19:34:12","slug":"racao-royal-canin-yorkshire","status":"publish","type":"product","link":"https:\/\/latidosemiadosvet.com.br\/loja\/produto\/racao-royal-canin-yorkshire\/","title":{"rendered":"Ra\u00e7\u00e3o Royal Canin Yorkshire"},"content":{"rendered":"<ul>\n<li><b>Linha:<\/b>\u00a0Super Premium<\/li>\n<li><b>Pet:<\/b>\u00a0Cachorros<\/li>\n<li><b>Porte de Ra\u00e7a:<\/b>\u00a0Pequeno<\/li>\n<li><b>Idade:<\/b>\u00a0Filhote<\/li>\n<li><b>Ra\u00e7a:<\/b>\u00a0Yorkshire<\/li>\n<li><b>Sabor:<\/b>\u00a0Carne<\/li>\n<li><b>Composi\u00e7\u00e3o:<\/b>\u00a0Farinha de v\u00edsceras de aves, quirera de arroz, farinha de torresmo, milho integral mo\u00eddo*, gordura de frango, polpa de beterraba, gordura su\u00edna, \u00f3leo de peixe refinado, \u00f3leo de soja refinado*, levedura seca de cervejaria, zeolita, cloreto de pot\u00e1ssio, tripolifosfato de s\u00f3dio, sorbato de pot\u00e1ssio, cloreto de s\u00f3dio (sal comum), carbonato de c\u00e1lcio, parede celular de levedura (MOS), fosfato bic\u00e1lcico, \u00f3leo de borragem, extrato de marigold, fruto-oligossacar\u00eddeos, Vitaminas (A, E, D3, C, B1, B2, B6, B12, PP), \u00e1cido pantot\u00eanico, biotina, \u00e1cido folico, inositol, cloreto de colina, sulfato de ferro, sulfato de cobre, \u00f3xido de mangan\u00eas, \u00f3xido de zinco, iodato de c\u00e1lcio, levedura enriquecida com sel\u00eanio, cobre aminoacido quelato, mangan\u00eas aminoacido quelato, zinco aminoacido quelato, taurina, tirosina, L- lisina, L- carnitina, DL-metionina, palatabilizante \u00e0 base de f\u00edgado de frango, antioxidante (BHA) *milho integral mo\u00eddo geneticamente modificado por Bacillus thuringiensis, Streptomyces viridochromogenes, Agrobacterium tumefaciens, Zea mays<\/li>\n<li><b>Tipo:<\/b>\u00a0Ra\u00e7\u00f5es Secas<\/li>\n<\/ul>\n","protected":false},"excerpt":{"rendered":"<p>&#8211; Proporciona crescimento saud\u00e1vel e equilibrado;<br \/>\n&#8211; Conta com \u00f4mega 3 e 6 em sua composi\u00e7\u00e3o;<br \/>\n&#8211; Auxilia a manter a sa\u00fade digestiva,<\/p>\n","protected":false},"featured_media":1783,"template":"","meta":[],"_links":{"self":[{"href":"https:\/\/latidosemiadosvet.com.br\/loja\/wp-json\/wp\/v2\/product\/1781"}],"collection":[{"href":"https:\/\/latidosemiadosvet.com.br\/loja\/wp-json\/wp\/v2\/product"}],"about":[{"href":"https:\/\/latidosemiadosvet.com.br\/loja\/wp-json\/wp\/v2\/types\/product"}],"version-history":[{"count":2,"href":"https:\/\/latidosemiadosvet.com.br\/loja\/wp-json\/wp\/v2\/product\/1781\/revisions"}],"predecessor-version":[{"id":1785,"href":"https:\/\/latidosemiadosvet.com.br\/loja\/wp-json\/wp\/v2\/product\/1781\/revisions\/1785"}],"wp:featuredmedia":[{"embeddable":true,"href":"https:\/\/latidosemiadosvet.com.br\/loja\/wp-json\/wp\/v2\/media\/1783"}],"wp:attachment":[{"href":"https:\/\/latidosemiadosvet.com.br\/loja\/wp-json\/wp\/v2\/media?parent=1781"}],"curies":[{"name":"wp","href":"https:\/\/api.w.org\/{rel}","templated":true}]}}