{"id":1775,"date":"2020-11-19T10:58:06","date_gmt":"2020-11-19T13:58:06","guid":{"rendered":"http:\/\/i9md.com.br\/pet\/?post_type=product&#038;p=1775"},"modified":"2021-12-01T16:34:13","modified_gmt":"2021-12-01T19:34:13","slug":"racao-royal-canin-adulto-mini","status":"publish","type":"product","link":"https:\/\/latidosemiadosvet.com.br\/loja\/produto\/racao-royal-canin-adulto-mini\/","title":{"rendered":"Ra\u00e7\u00e3o Royal Canin Adulto Mini"},"content":{"rendered":"<ul>\n<li><b>Linha:<\/b>\u00a0Super Premium<\/li>\n<li><b>Pet:<\/b>\u00a0Cachorros<\/li>\n<li><b>Porte de Ra\u00e7a:<\/b>\u00a0Pequeno<\/li>\n<li><b>Idade:<\/b>\u00a0Adulto<\/li>\n<li><b>Composi\u00e7\u00e3o:<\/b>\u00a0Farinha de v\u00edsceras de aves, farinha de prote\u00edna isolada de su\u00edno, milho integral mo\u00eddo*, quirera de arroz, gordura de frango, polpa de beterraba, gordura su\u00edna, gl\u00faten de milho*, gl\u00faten de trigo, \u00f3leo de peixe refinado, \u00f3leo de soja refinado*, fruto-oligossacar\u00eddeos, tripolifosfato de s\u00f3dio, sorbato de pot\u00e1ssio, carbonato de c\u00e1lcio, cloreto de s\u00f3dio (sal comum), cloreto de pot\u00e1ssio, vitaminas (A, E, C, D3, B1, B2, B6, B12, PP), \u00e1cido pantot\u00eanico, biotina, \u00e1cido f\u00f3lico, cloreto de colina, sulfato de ferro, sulfato de cobre, \u00f3xido de mangan\u00eas, \u00f3xido de zinco, \u00f3xido de magn\u00e9sio, iodato de c\u00e1lcio, levedura seca de cervejaria, levedura enriquecida com sel\u00eanio, DL-metionina, L-carnitina, palatabilizante \u00e0 base de f\u00edgado de frango, antioxidante (BHA). * milho integral mo\u00eddo e gl\u00faten de milho geneticamente modificados por Bacillus thuringiensis, Streptomyces viridochromogenes, Agrobacterium tumefaciens, Zea mays<\/li>\n<li><b>Tipo:<\/b>\u00a0Ra\u00e7\u00f5es Secas<\/li>\n<\/ul>\n","protected":false},"excerpt":{"rendered":"<p>&#8211; Indicada para c\u00e3es adultos;<br \/>\n&#8211; Espec\u00edfica para os pets de pequeno porte;<br \/>\n&#8211; Oferece ao c\u00e3o o n\u00edvel energ\u00e9tico ideal;<br \/>\n&#8211; Auxilia na manuten\u00e7\u00e3o do peso;<br \/>\n&#8211; Conta com nutrientes que ajudam a manter a sa\u00fade da pele e pelagem.<\/p>\n","protected":false},"featured_media":1776,"template":"","meta":[],"_links":{"self":[{"href":"https:\/\/latidosemiadosvet.com.br\/loja\/wp-json\/wp\/v2\/product\/1775"}],"collection":[{"href":"https:\/\/latidosemiadosvet.com.br\/loja\/wp-json\/wp\/v2\/product"}],"about":[{"href":"https:\/\/latidosemiadosvet.com.br\/loja\/wp-json\/wp\/v2\/types\/product"}],"version-history":[{"count":1,"href":"https:\/\/latidosemiadosvet.com.br\/loja\/wp-json\/wp\/v2\/product\/1775\/revisions"}],"predecessor-version":[{"id":1777,"href":"https:\/\/latidosemiadosvet.com.br\/loja\/wp-json\/wp\/v2\/product\/1775\/revisions\/1777"}],"wp:featuredmedia":[{"embeddable":true,"href":"https:\/\/latidosemiadosvet.com.br\/loja\/wp-json\/wp\/v2\/media\/1776"}],"wp:attachment":[{"href":"https:\/\/latidosemiadosvet.com.br\/loja\/wp-json\/wp\/v2\/media?parent=1775"}],"curies":[{"name":"wp","href":"https:\/\/api.w.org\/{rel}","templated":true}]}}