{"id":1772,"date":"2020-11-19T10:54:50","date_gmt":"2020-11-19T13:54:50","guid":{"rendered":"http:\/\/i9md.com.br\/pet\/?post_type=product&#038;p=1772"},"modified":"2021-12-01T16:34:14","modified_gmt":"2021-12-01T19:34:14","slug":"racao-royal-canin-adulto-8","status":"publish","type":"product","link":"https:\/\/latidosemiadosvet.com.br\/loja\/produto\/racao-royal-canin-adulto-8\/","title":{"rendered":"Ra\u00e7\u00e3o Royal Canin Adulto 8+"},"content":{"rendered":"<ul>\n<li><b>Linha:<\/b>\u00a0Super Premium<\/li>\n<li><b>Pet:<\/b>\u00a0Cachorros<\/li>\n<li><b>Porte de Ra\u00e7a:<\/b>\u00a0Pequeno<\/li>\n<li><b>Idade:<\/b>\u00a0Adulto<\/li>\n<li><b>Sabor:<\/b>\u00a0P\u00e1ssaros<\/li>\n<li><b>Composi\u00e7\u00e3o:<\/b> Farinha de v\u00edsceras de aves, farinha de prote\u00edna isolada de su\u00edno, milho integral mo\u00eddo*, quirera de arroz, gordura de frango, polpa de beterraba, gordura su\u00edna, gl\u00faten de milho*, \u00f3leo de peixe refinado, \u00f3leo de soja refinado*, \u00f3leo de borragem, fruto-oligossacar\u00eddeos, polifen\u00f3is de uva e ch\u00e1 verde 10%, tripolifosfato de s\u00f3dio, sorbato de pot\u00e1ssio, carbonato de c\u00e1lcio, cloreto de s\u00f3dio (sal comum), cloreto de pot\u00e1ssio, extrato de Marigold, vitaminas (A, E, C, D3, B1, B2, B6, B12, PP), \u00e1cido pantot\u00eanico, biotina, \u00e1cido f\u00f3lico, cloreto de colina, sulfato de ferro, sulfato de cobre, \u00f3xido de mangan\u00eas, \u00f3xido de zinco, \u00f3xido de magn\u00e9sio, iodato de c\u00e1lcio, levedura seca de cervejaria, levedura enriquecida com sel\u00eanio, cobre amino\u00e1cido quelato, mangan\u00eas amino\u00e1cido quelato, zinco amino\u00e1cido quelato, taurina, DL-metionina, L-carnitina, palatabilizante \u00e0 base de f\u00edgado de frango, antioxidante (BHA). *milho integral mo\u00eddo e gl\u00faten de milho* geneticamente modificados por Bacillus thuringiensis, Streptomyces viridochromogenes, Agrobacterium tumefaciens, Zea mays<\/li>\n<li><b>Tipo:<\/b>\u00a0Ra\u00e7\u00f5es Secas<\/li>\n<\/ul>\n","protected":false},"excerpt":{"rendered":"<p>Auxilia na manuten\u00e7\u00e3o do peso ideal, mant\u00e9m a vitalidade dos pets, proporciona mais sa\u00fade bucal.<\/p>\n","protected":false},"featured_media":1773,"template":"","meta":[],"_links":{"self":[{"href":"https:\/\/latidosemiadosvet.com.br\/loja\/wp-json\/wp\/v2\/product\/1772"}],"collection":[{"href":"https:\/\/latidosemiadosvet.com.br\/loja\/wp-json\/wp\/v2\/product"}],"about":[{"href":"https:\/\/latidosemiadosvet.com.br\/loja\/wp-json\/wp\/v2\/types\/product"}],"version-history":[{"count":1,"href":"https:\/\/latidosemiadosvet.com.br\/loja\/wp-json\/wp\/v2\/product\/1772\/revisions"}],"predecessor-version":[{"id":1774,"href":"https:\/\/latidosemiadosvet.com.br\/loja\/wp-json\/wp\/v2\/product\/1772\/revisions\/1774"}],"wp:featuredmedia":[{"embeddable":true,"href":"https:\/\/latidosemiadosvet.com.br\/loja\/wp-json\/wp\/v2\/media\/1773"}],"wp:attachment":[{"href":"https:\/\/latidosemiadosvet.com.br\/loja\/wp-json\/wp\/v2\/media?parent=1772"}],"curies":[{"name":"wp","href":"https:\/\/api.w.org\/{rel}","templated":true}]}}