{"id":1911,"date":"2020-11-19T19:18:29","date_gmt":"2020-11-19T22:18:29","guid":{"rendered":"https:\/\/i9md.com.br\/pet\/?page_id=1911"},"modified":"2020-11-19T19:38:32","modified_gmt":"2020-11-19T22:38:32","slug":"sobre-nos","status":"publish","type":"page","link":"https:\/\/latidosemiadosvet.com.br\/loja\/sobre-nos\/","title":{"rendered":"Sobre N\u00f3s"},"content":{"rendered":"\t\t<div data-elementor-type=\"wp-page\" data-elementor-id=\"1911\" class=\"elementor elementor-1911\" data-elementor-settings=\"[]\">\n\t\t\t\t\t\t<div class=\"elementor-inner\">\n\t\t\t\t\t\t\t<div class=\"elementor-section-wrap\">\n\t\t\t\t\t\t\t<section class=\"elementor-section elementor-top-section elementor-element elementor-element-aa6916e elementor-section-stretched elementor-section-boxed elementor-section-height-default elementor-section-height-default wd-section-disabled\" data-id=\"aa6916e\" data-element_type=\"section\" data-settings=\"{&quot;stretch_section&quot;:&quot;section-stretched&quot;,&quot;background_background&quot;:&quot;classic&quot;}\">\n\t\t\t\t\t\t<div class=\"elementor-container elementor-column-gap-default\">\n\t\t\t\t\t\t\t<div class=\"elementor-row\">\n\t\t\t\t\t<div class=\"elementor-column elementor-col-50 elementor-top-column elementor-element elementor-element-5fc9c04\" data-id=\"5fc9c04\" data-element_type=\"column\">\n\t\t\t<div class=\"elementor-column-wrap elementor-element-populated\">\n\t\t\t\t\t\t\t<div class=\"elementor-widget-wrap\">\n\t\t\t\t\t\t<div class=\"elementor-element elementor-element-363e8a4 elementor-widget elementor-widget-wd_title\" data-id=\"363e8a4\" data-element_type=\"widget\" data-widget_type=\"wd_title.default\">\n\t\t\t\t<div class=\"elementor-widget-container\">\n\t\t\t\t\t<div class=\"title-wrapper woodmart-title-color-primary woodmart-title-style-simple woodmart-title-size-large text-left\">\n\n\t\t\t\n\t\t\t<div class=\"liner-continer\">\n\t\t\t\t<span class=\"left-line\"><\/span>\n\n\t\t\t\t<h4 class=\"woodmart-title-container title\">\n\t\t\t\t\tSobre N\u00f3s\t\t\t\t<\/h4>\n\n\t\t\t\t\n\t\t\t\t<span class=\"right-line\"><\/span>\n\t\t\t<\/div>\n\n\t\t\t\t\t<\/div>\n\t\t\t\t<\/div>\n\t\t\t\t<\/div>\n\t\t\t\t<div class=\"elementor-element elementor-element-8d84a15 color-scheme-inherit text-left elementor-widget elementor-widget-text-editor\" data-id=\"8d84a15\" data-element_type=\"widget\" data-widget_type=\"text-editor.default\">\n\t\t\t\t<div class=\"elementor-widget-container\">\n\t\t\t\t\t<div class=\"elementor-text-editor elementor-clearfix\"><p>Em 1995 o casal Marco Ramalho, m\u00e9dico veterin\u00e1rio e Ionise Ramalho administradora de empresa resolveram unir for\u00e7as em prol da realiza\u00e7\u00e3o do sonho j\u00e1 existente desde \u00e9poca da faculdade de medicina veterin\u00e1ria, ter sua pr\u00f3pria cl\u00ednica veterin\u00e1ria. Residentes no bairro do Cabula desde a d\u00e9cada de 60, e com uma clientela e mais de 60% dos seus atendimentos m\u00e9dicos veterin\u00e1rios domiciliares nessa regi\u00e3o foram os fatores determinantes para a escolha do local da cl\u00ednica. E foi assim que depois de 04 anos de formado e com a sa\u00edda da administradora do seu emprego, essa parceria de sucesso teve in\u00edcio com o aluguel de uma casa na Estrada das Barreiras, Cabula.<\/p><p>O nome Latidos e Miados foi ideia da administradora, em um momento de descontra\u00e7\u00e3o, mas tendo como principal objetivo que o nome fosse linkado aos nossos servi\u00e7os, que os clientes guardassem em seus cora\u00e7\u00f5es esse nome e soubessem que l\u00e1 teriam atendimentos especializados tanto para c\u00e3es e gatos, l\u00e1 os seus pets seriam atendidos por profissionais especializados nessas esp\u00e9cies.<\/p><p>Com muito amor e dedica\u00e7\u00e3o, \u00e1s suas profiss\u00f5es os dois s\u00f3cios n\u00e3o mediram esfor\u00e7os para que o projeto desse certo. Tra\u00e7ando desde o in\u00edcio os objetivos empresariais at\u00e9 chegar o atendimento 24hs que foi concretizado em 2003.<\/p><p>Desde a inaugura\u00e7\u00e3o a Latidos e Miados vem mantendo o seu objetivo de bom atendimento aos clientes com transpar\u00eancia, solicitude e muita dedica\u00e7\u00e3o aos c\u00e3es e gatos. Amantes e apreciadores da natureza animal os s\u00f3cios sempre se preocuparam, desde do in\u00edcio com o bem-estar animal tendo como principal crit\u00e9rio na admiss\u00e3o dos profissionais que aqui trabalham o respeito e amor aos c\u00e3es e gatos.<\/p><p>Hoje a cl\u00ednica Latidos e Miados conta com in\u00fameros especialidades m\u00e9dica veterin\u00e1rias e servi\u00e7os clinico\/ cir\u00fargico 24h por dia, em todos os dias do ano.<\/p><\/div>\n\t\t\t\t<\/div>\n\t\t\t\t<\/div>\n\t\t\t\t\t\t<\/div>\n\t\t\t\t\t<\/div>\n\t\t<\/div>\n\t\t\t\t<div class=\"elementor-column elementor-col-50 elementor-top-column elementor-element elementor-element-eeb83e2\" data-id=\"eeb83e2\" data-element_type=\"column\">\n\t\t\t<div class=\"elementor-column-wrap\">\n\t\t\t\t\t\t\t<div class=\"elementor-widget-wrap\">\n\t\t\t\t\t\t\t\t<\/div>\n\t\t\t\t\t<\/div>\n\t\t<\/div>\n\t\t\t\t\t\t\t\t<\/div>\n\t\t\t\t\t<\/div>\n\t\t<\/section>\n\t\t\t\t<section class=\"elementor-section elementor-top-section elementor-element elementor-element-9490209 elementor-section-stretched elementor-section-boxed elementor-section-height-default elementor-section-height-default wd-section-disabled\" data-id=\"9490209\" data-element_type=\"section\" data-settings=\"{&quot;stretch_section&quot;:&quot;section-stretched&quot;,&quot;background_background&quot;:&quot;classic&quot;}\">\n\t\t\t\t\t\t<div class=\"elementor-container elementor-column-gap-default\">\n\t\t\t\t\t\t\t<div class=\"elementor-row\">\n\t\t\t\t\t<div class=\"elementor-column elementor-col-100 elementor-top-column elementor-element elementor-element-b4b862f\" data-id=\"b4b862f\" data-element_type=\"column\">\n\t\t\t<div class=\"elementor-column-wrap elementor-element-populated\">\n\t\t\t\t\t\t\t<div class=\"elementor-widget-wrap\">\n\t\t\t\t\t\t<div class=\"elementor-element elementor-element-1389c81 elementor-widget elementor-widget-wd_title\" data-id=\"1389c81\" data-element_type=\"widget\" data-widget_type=\"wd_title.default\">\n\t\t\t\t<div class=\"elementor-widget-container\">\n\t\t\t\t\t<div class=\"title-wrapper woodmart-title-color-white woodmart-title-style-simple woodmart-title-size-large text-center\">\n\n\t\t\t\n\t\t\t<div class=\"liner-continer\">\n\t\t\t\t<span class=\"left-line\"><\/span>\n\n\t\t\t\t<h4 class=\"woodmart-title-container title\">\n\t\t\t\t\tInstagram\t\t\t\t<\/h4>\n\n\t\t\t\t\n\t\t\t\t<span class=\"right-line\"><\/span>\n\t\t\t<\/div>\n\n\t\t\t\t\t<\/div>\n\t\t\t\t<\/div>\n\t\t\t\t<\/div>\n\t\t\t\t<div class=\"elementor-element elementor-element-ab4d633 elementor-widget elementor-widget-wd_instagram\" data-id=\"ab4d633\" data-element_type=\"widget\" data-widget_type=\"wd_instagram.default\">\n\t\t\t\t<div class=\"elementor-widget-container\">\n\t\t\t\t\t<div id=\"carousel-323\" data-atts=\"{&quot;username&quot;:&quot;latidosemiadosvet_oficial&quot;,&quot;number&quot;:6,&quot;size&quot;:&quot;medium&quot;,&quot;target&quot;:&quot;_self&quot;,&quot;link&quot;:&quot;&quot;,&quot;design&quot;:&quot;grid&quot;,&quot;spacing&quot;:&quot;1&quot;,&quot;spacing_custom&quot;:6,&quot;rounded&quot;:&quot;0&quot;,&quot;per_row&quot;:6,&quot;hide_mask&quot;:&quot;0&quot;,&quot;hide_pagination_control&quot;:null,&quot;hide_prev_next_buttons&quot;:null,&quot;content&quot;:&quot;&quot;,&quot;data_source&quot;:&quot;ajax&quot;,&quot;custom_sizes&quot;:false,&quot;scroll_y&quot;:null,&quot;_title&quot;:&quot;&quot;,&quot;_margin&quot;:{&quot;unit&quot;:&quot;px&quot;,&quot;top&quot;:&quot;&quot;,&quot;right&quot;:&quot;&quot;,&quot;bottom&quot;:&quot;&quot;,&quot;left&quot;:&quot;&quot;,&quot;isLinked&quot;:true},&quot;_margin_tablet&quot;:{&quot;unit&quot;:&quot;px&quot;,&quot;top&quot;:&quot;&quot;,&quot;right&quot;:&quot;&quot;,&quot;bottom&quot;:&quot;&quot;,&quot;left&quot;:&quot;&quot;,&quot;isLinked&quot;:true},&quot;_margin_mobile&quot;:{&quot;unit&quot;:&quot;px&quot;,&quot;top&quot;:&quot;&quot;,&quot;right&quot;:&quot;&quot;,&quot;bottom&quot;:&quot;&quot;,&quot;left&quot;:&quot;&quot;,&quot;isLinked&quot;:true},&quot;_padding&quot;:{&quot;unit&quot;:&quot;px&quot;,&quot;top&quot;:&quot;&quot;,&quot;right&quot;:&quot;&quot;,&quot;bottom&quot;:&quot;&quot;,&quot;left&quot;:&quot;&quot;,&quot;isLinked&quot;:true},&quot;_padding_tablet&quot;:{&quot;unit&quot;:&quot;px&quot;,&quot;top&quot;:&quot;&quot;,&quot;right&quot;:&quot;&quot;,&quot;bottom&quot;:&quot;&quot;,&quot;left&quot;:&quot;&quot;,&quot;isLinked&quot;:true},&quot;_padding_mobile&quot;:{&quot;unit&quot;:&quot;px&quot;,&quot;top&quot;:&quot;&quot;,&quot;right&quot;:&quot;&quot;,&quot;bottom&quot;:&quot;&quot;,&quot;left&quot;:&quot;&quot;,&quot;isLinked&quot;:true},&quot;_z_index&quot;:&quot;&quot;,&quot;_z_index_tablet&quot;:&quot;&quot;,&quot;_z_index_mobile&quot;:&quot;&quot;,&quot;_element_id&quot;:&quot;&quot;,&quot;_css_classes&quot;:&quot;&quot;,&quot;element_parallax&quot;:&quot;&quot;,&quot;scroll_x&quot;:null,&quot;scroll_z&quot;:null,&quot;scroll_smoothness&quot;:null,&quot;_animation&quot;:&quot;&quot;,&quot;_animation_tablet&quot;:&quot;&quot;,&quot;_animation_mobile&quot;:&quot;&quot;,&quot;animation_duration&quot;:null,&quot;_animation_delay&quot;:null,&quot;_background_background&quot;:&quot;&quot;,&quot;_background_color&quot;:null,&quot;_background_color_stop&quot;:null,&quot;_background_color_b&quot;:null,&quot;_background_color_b_stop&quot;:null,&quot;_background_gradient_type&quot;:null,&quot;_background_gradient_angle&quot;:null,&quot;_background_gradient_position&quot;:null,&quot;_background_image&quot;:null,&quot;_background_image_tablet&quot;:null,&quot;_background_image_mobile&quot;:null,&quot;_background_position&quot;:null,&quot;_background_position_tablet&quot;:null,&quot;_background_position_mobile&quot;:null,&quot;_background_xpos&quot;:null,&quot;_background_xpos_tablet&quot;:null,&quot;_background_xpos_mobile&quot;:null,&quot;_background_ypos&quot;:null,&quot;_background_ypos_tablet&quot;:null,&quot;_background_ypos_mobile&quot;:null,&quot;_background_attachment&quot;:null,&quot;_background_repeat&quot;:null,&quot;_background_repeat_tablet&quot;:null,&quot;_background_repeat_mobile&quot;:null,&quot;_background_size&quot;:null,&quot;_background_size_tablet&quot;:null,&quot;_background_size_mobile&quot;:null,&quot;_background_bg_width&quot;:null,&quot;_background_bg_width_tablet&quot;:null,&quot;_background_bg_width_mobile&quot;:null,&quot;_background_video_link&quot;:null,&quot;_background_video_start&quot;:null,&quot;_background_video_end&quot;:null,&quot;_background_play_once&quot;:null,&quot;_background_play_on_mobile&quot;:null,&quot;_background_video_fallback&quot;:null,&quot;_background_slideshow_gallery&quot;:null,&quot;_background_slideshow_loop&quot;:null,&quot;_background_slideshow_slide_duration&quot;:null,&quot;_background_slideshow_slide_transition&quot;:null,&quot;_background_slideshow_transition_duration&quot;:null,&quot;_background_slideshow_background_size&quot;:null,&quot;_background_slideshow_background_size_tablet&quot;:null,&quot;_background_slideshow_background_size_mobile&quot;:null,&quot;_background_slideshow_background_position&quot;:null,&quot;_background_slideshow_background_position_tablet&quot;:null,&quot;_background_slideshow_background_position_mobile&quot;:null,&quot;_background_slideshow_ken_burns&quot;:null,&quot;_background_slideshow_ken_burns_zoom_direction&quot;:null,&quot;_background_hover_background&quot;:&quot;&quot;,&quot;_background_hover_color&quot;:null,&quot;_background_hover_color_stop&quot;:null,&quot;_background_hover_color_b&quot;:null,&quot;_background_hover_color_b_stop&quot;:null,&quot;_background_hover_gradient_type&quot;:null,&quot;_background_hover_gradient_angle&quot;:null,&quot;_background_hover_gradient_position&quot;:null,&quot;_background_hover_image&quot;:null,&quot;_background_hover_image_tablet&quot;:null,&quot;_background_hover_image_mobile&quot;:null,&quot;_background_hover_position&quot;:null,&quot;_background_hover_position_tablet&quot;:null,&quot;_background_hover_position_mobile&quot;:null,&quot;_background_hover_xpos&quot;:null,&quot;_background_hover_xpos_tablet&quot;:null,&quot;_background_hover_xpos_mobile&quot;:null,&quot;_background_hover_ypos&quot;:null,&quot;_background_hover_ypos_tablet&quot;:null,&quot;_background_hover_ypos_mobile&quot;:null,&quot;_background_hover_attachment&quot;:null,&quot;_background_hover_repeat&quot;:null,&quot;_background_hover_repeat_tablet&quot;:null,&quot;_background_hover_repeat_mobile&quot;:null,&quot;_background_hover_size&quot;:null,&quot;_background_hover_size_tablet&quot;:null,&quot;_background_hover_size_mobile&quot;:null,&quot;_background_hover_bg_width&quot;:null,&quot;_background_hover_bg_width_tablet&quot;:null,&quot;_background_hover_bg_width_mobile&quot;:null,&quot;_background_hover_video_link&quot;:null,&quot;_background_hover_video_start&quot;:null,&quot;_background_hover_video_end&quot;:null,&quot;_background_hover_play_once&quot;:null,&quot;_background_hover_play_on_mobile&quot;:null,&quot;_background_hover_video_fallback&quot;:null,&quot;_background_hover_slideshow_gallery&quot;:null,&quot;_background_hover_slideshow_loop&quot;:null,&quot;_background_hover_slideshow_slide_duration&quot;:null,&quot;_background_hover_slideshow_slide_transition&quot;:null,&quot;_background_hover_slideshow_transition_duration&quot;:null,&quot;_background_hover_slideshow_background_size&quot;:null,&quot;_background_hover_slideshow_background_size_tablet&quot;:null,&quot;_background_hover_slideshow_background_size_mobile&quot;:null,&quot;_background_hover_slideshow_background_position&quot;:null,&quot;_background_hover_slideshow_background_position_tablet&quot;:null,&quot;_background_hover_slideshow_background_position_mobile&quot;:null,&quot;_background_hover_slideshow_ken_burns&quot;:null,&quot;_background_hover_slideshow_ken_burns_zoom_direction&quot;:null,&quot;_background_hover_transition&quot;:{&quot;unit&quot;:&quot;px&quot;,&quot;size&quot;:&quot;&quot;,&quot;sizes&quot;:[]},&quot;_border_border&quot;:&quot;&quot;,&quot;_border_width&quot;:null,&quot;_border_width_tablet&quot;:null,&quot;_border_width_mobile&quot;:null,&quot;_border_color&quot;:null,&quot;_border_radius&quot;:{&quot;unit&quot;:&quot;px&quot;,&quot;top&quot;:&quot;&quot;,&quot;right&quot;:&quot;&quot;,&quot;bottom&quot;:&quot;&quot;,&quot;left&quot;:&quot;&quot;,&quot;isLinked&quot;:true},&quot;_border_radius_tablet&quot;:{&quot;unit&quot;:&quot;px&quot;,&quot;top&quot;:&quot;&quot;,&quot;right&quot;:&quot;&quot;,&quot;bottom&quot;:&quot;&quot;,&quot;left&quot;:&quot;&quot;,&quot;isLinked&quot;:true},&quot;_border_radius_mobile&quot;:{&quot;unit&quot;:&quot;px&quot;,&quot;top&quot;:&quot;&quot;,&quot;right&quot;:&quot;&quot;,&quot;bottom&quot;:&quot;&quot;,&quot;left&quot;:&quot;&quot;,&quot;isLinked&quot;:true},&quot;_box_shadow_box_shadow_type&quot;:&quot;&quot;,&quot;_box_shadow_box_shadow&quot;:null,&quot;_box_shadow_box_shadow_position&quot;:null,&quot;_border_hover_border&quot;:&quot;&quot;,&quot;_border_hover_width&quot;:null,&quot;_border_hover_width_tablet&quot;:null,&quot;_border_hover_width_mobile&quot;:null,&quot;_border_hover_color&quot;:null,&quot;_border_radius_hover&quot;:{&quot;unit&quot;:&quot;px&quot;,&quot;top&quot;:&quot;&quot;,&quot;right&quot;:&quot;&quot;,&quot;bottom&quot;:&quot;&quot;,&quot;left&quot;:&quot;&quot;,&quot;isLinked&quot;:true},&quot;_border_radius_hover_tablet&quot;:{&quot;unit&quot;:&quot;px&quot;,&quot;top&quot;:&quot;&quot;,&quot;right&quot;:&quot;&quot;,&quot;bottom&quot;:&quot;&quot;,&quot;left&quot;:&quot;&quot;,&quot;isLinked&quot;:true},&quot;_border_radius_hover_mobile&quot;:{&quot;unit&quot;:&quot;px&quot;,&quot;top&quot;:&quot;&quot;,&quot;right&quot;:&quot;&quot;,&quot;bottom&quot;:&quot;&quot;,&quot;left&quot;:&quot;&quot;,&quot;isLinked&quot;:true},&quot;_box_shadow_hover_box_shadow_type&quot;:&quot;&quot;,&quot;_box_shadow_hover_box_shadow&quot;:null,&quot;_box_shadow_hover_box_shadow_position&quot;:null,&quot;_border_hover_transition&quot;:{&quot;unit&quot;:&quot;px&quot;,&quot;size&quot;:&quot;&quot;,&quot;sizes&quot;:[]},&quot;_element_width&quot;:&quot;&quot;,&quot;_element_width_tablet&quot;:&quot;&quot;,&quot;_element_width_mobile&quot;:&quot;&quot;,&quot;_element_custom_width&quot;:null,&quot;_element_custom_width_tablet&quot;:null,&quot;_element_custom_width_mobile&quot;:null,&quot;_element_vertical_align&quot;:null,&quot;_element_vertical_align_tablet&quot;:null,&quot;_element_vertical_align_mobile&quot;:null,&quot;_position&quot;:&quot;&quot;,&quot;_offset_orientation_h&quot;:null,&quot;_offset_x&quot;:null,&quot;_offset_x_tablet&quot;:null,&quot;_offset_x_mobile&quot;:null,&quot;_offset_x_end&quot;:null,&quot;_offset_x_end_tablet&quot;:null,&quot;_offset_x_end_mobile&quot;:null,&quot;_offset_orientation_v&quot;:null,&quot;_offset_y&quot;:null,&quot;_offset_y_tablet&quot;:null,&quot;_offset_y_mobile&quot;:null,&quot;_offset_y_end&quot;:null,&quot;_offset_y_end_tablet&quot;:null,&quot;_offset_y_end_mobile&quot;:null,&quot;hide_desktop&quot;:&quot;&quot;,&quot;hide_tablet&quot;:&quot;&quot;,&quot;hide_mobile&quot;:&quot;&quot;}\" data-username=\"latidosemiadosvet_oficial\" class=\"instagram-pics instagram-widget data-source-ajax instagram-grid instagram-with-error\" >\n\t\t\t\t\t\t\t\t\n\t\t\t\t<div class=\" row woodmart-spacing-6\">\n\t\t\t\t\t\t\t\t\t\t\t\n\t\t\t\t\t\t\t\t\t\t\t\t\n\t\t\t\t\t\t<div class=\"instagram-picture col-lg-2 col-md-3 col-sm-4 col-6\">\n\t\t\t\t\t\t\t<div class=\"wrapp-picture\" style=\"\">\n\t\t\t\t\t\t\t\t<a href=\"#\" target=\"_self\"><\/a>\n\t\t\t\t\t\t\t\t\n\t\t\t\t\t\t\t\t\t\t\t\t\t\t\t\t\t<img src=\"https:\/\/latidosemiadosvet.com.br\/loja\/wp-content\/themes\/woodmart\/inc\/admin\/assets\/images\/settings\/instagram\/insta-placeholder.jpg\" \/>\t\t\t\t\t\t\t\t\t\t\t\t\t\t\t\t\n\t\t\t\t\t\t\t\t\t\t\t\t\t\t\t<\/div>\n\t\t\t\t\t\t<\/div>\n\t\t\t\t\t\t\t\t\t\t\t\n\t\t\t\t\t\t\t\t\t\t\t\t\n\t\t\t\t\t\t<div class=\"instagram-picture col-lg-2 col-md-3 col-sm-4 col-6\">\n\t\t\t\t\t\t\t<div class=\"wrapp-picture\" style=\"\">\n\t\t\t\t\t\t\t\t<a href=\"#\" target=\"_self\"><\/a>\n\t\t\t\t\t\t\t\t\n\t\t\t\t\t\t\t\t\t\t\t\t\t\t\t\t\t<img src=\"https:\/\/latidosemiadosvet.com.br\/loja\/wp-content\/themes\/woodmart\/inc\/admin\/assets\/images\/settings\/instagram\/insta-placeholder.jpg\" \/>\t\t\t\t\t\t\t\t\t\t\t\t\t\t\t\t\n\t\t\t\t\t\t\t\t\t\t\t\t\t\t\t<\/div>\n\t\t\t\t\t\t<\/div>\n\t\t\t\t\t\t\t\t\t\t\t\n\t\t\t\t\t\t\t\t\t\t\t\t\n\t\t\t\t\t\t<div class=\"instagram-picture col-lg-2 col-md-3 col-sm-4 col-6\">\n\t\t\t\t\t\t\t<div class=\"wrapp-picture\" style=\"\">\n\t\t\t\t\t\t\t\t<a href=\"#\" target=\"_self\"><\/a>\n\t\t\t\t\t\t\t\t\n\t\t\t\t\t\t\t\t\t\t\t\t\t\t\t\t\t<img src=\"https:\/\/latidosemiadosvet.com.br\/loja\/wp-content\/themes\/woodmart\/inc\/admin\/assets\/images\/settings\/instagram\/insta-placeholder.jpg\" \/>\t\t\t\t\t\t\t\t\t\t\t\t\t\t\t\t\n\t\t\t\t\t\t\t\t\t\t\t\t\t\t\t<\/div>\n\t\t\t\t\t\t<\/div>\n\t\t\t\t\t\t\t\t\t\t\t\n\t\t\t\t\t\t\t\t\t\t\t\t\n\t\t\t\t\t\t<div class=\"instagram-picture col-lg-2 col-md-3 col-sm-4 col-6\">\n\t\t\t\t\t\t\t<div class=\"wrapp-picture\" style=\"\">\n\t\t\t\t\t\t\t\t<a href=\"#\" target=\"_self\"><\/a>\n\t\t\t\t\t\t\t\t\n\t\t\t\t\t\t\t\t\t\t\t\t\t\t\t\t\t<img src=\"https:\/\/latidosemiadosvet.com.br\/loja\/wp-content\/themes\/woodmart\/inc\/admin\/assets\/images\/settings\/instagram\/insta-placeholder.jpg\" \/>\t\t\t\t\t\t\t\t\t\t\t\t\t\t\t\t\n\t\t\t\t\t\t\t\t\t\t\t\t\t\t\t<\/div>\n\t\t\t\t\t\t<\/div>\n\t\t\t\t\t\t\t\t\t\t\t\n\t\t\t\t\t\t\t\t\t\t\t\t\n\t\t\t\t\t\t<div class=\"instagram-picture col-lg-2 col-md-3 col-sm-4 col-6\">\n\t\t\t\t\t\t\t<div class=\"wrapp-picture\" style=\"\">\n\t\t\t\t\t\t\t\t<a href=\"#\" target=\"_self\"><\/a>\n\t\t\t\t\t\t\t\t\n\t\t\t\t\t\t\t\t\t\t\t\t\t\t\t\t\t<img src=\"https:\/\/latidosemiadosvet.com.br\/loja\/wp-content\/themes\/woodmart\/inc\/admin\/assets\/images\/settings\/instagram\/insta-placeholder.jpg\" \/>\t\t\t\t\t\t\t\t\t\t\t\t\t\t\t\t\n\t\t\t\t\t\t\t\t\t\t\t\t\t\t\t<\/div>\n\t\t\t\t\t\t<\/div>\n\t\t\t\t\t\t\t\t\t\t\t\n\t\t\t\t\t\t\t\t\t\t\t\t\n\t\t\t\t\t\t<div class=\"instagram-picture col-lg-2 col-md-3 col-sm-4 col-6\">\n\t\t\t\t\t\t\t<div class=\"wrapp-picture\" style=\"\">\n\t\t\t\t\t\t\t\t<a href=\"#\" target=\"_self\"><\/a>\n\t\t\t\t\t\t\t\t\n\t\t\t\t\t\t\t\t\t\t\t\t\t\t\t\t\t<img src=\"https:\/\/latidosemiadosvet.com.br\/loja\/wp-content\/themes\/woodmart\/inc\/admin\/assets\/images\/settings\/instagram\/insta-placeholder.jpg\" \/>\t\t\t\t\t\t\t\t\t\t\t\t\t\t\t\t\n\t\t\t\t\t\t\t\t\t\t\t\t\t\t\t<\/div>\n\t\t\t\t\t\t<\/div>\n\t\t\t\t\t\t\t\t\t<\/div>\n\t\t\t\t\n\t\t\t\t\t<\/div>\n\t\t\t\t<\/div>\n\t\t\t\t<\/div>\n\t\t\t\t\t\t<\/div>\n\t\t\t\t\t<\/div>\n\t\t<\/div>\n\t\t\t\t\t\t\t\t<\/div>\n\t\t\t\t\t<\/div>\n\t\t<\/section>\n\t\t\t\t\t\t<\/div>\n\t\t\t\t\t\t<\/div>\n\t\t\t\t\t<\/div>\n\t\t","protected":false},"excerpt":{"rendered":"<p>Sobre N\u00f3s Em 1995 o casal Marco Ramalho, m\u00e9dico veterin\u00e1rio e Ionise Ramalho administradora de empresa resolveram unir for\u00e7as em<\/p>\n","protected":false},"author":1,"featured_media":0,"parent":0,"menu_order":0,"comment_status":"closed","ping_status":"closed","template":"","meta":[],"_links":{"self":[{"href":"https:\/\/latidosemiadosvet.com.br\/loja\/wp-json\/wp\/v2\/pages\/1911"}],"collection":[{"href":"https:\/\/latidosemiadosvet.com.br\/loja\/wp-json\/wp\/v2\/pages"}],"about":[{"href":"https:\/\/latidosemiadosvet.com.br\/loja\/wp-json\/wp\/v2\/types\/page"}],"author":[{"embeddable":true,"href":"https:\/\/latidosemiadosvet.com.br\/loja\/wp-json\/wp\/v2\/users\/1"}],"replies":[{"embeddable":true,"href":"https:\/\/latidosemiadosvet.com.br\/loja\/wp-json\/wp\/v2\/comments?post=1911"}],"version-history":[{"count":13,"href":"https:\/\/latidosemiadosvet.com.br\/loja\/wp-json\/wp\/v2\/pages\/1911\/revisions"}],"predecessor-version":[{"id":1933,"href":"https:\/\/latidosemiadosvet.com.br\/loja\/wp-json\/wp\/v2\/pages\/1911\/revisions\/1933"}],"wp:attachment":[{"href":"https:\/\/latidosemiadosvet.com.br\/loja\/wp-json\/wp\/v2\/media?parent=1911"}],"curies":[{"name":"wp","href":"https:\/\/api.w.org\/{rel}","templated":true}]}}